{"id":9,"date":"2022-02-09T18:11:43","date_gmt":"2022-02-09T18:11:43","guid":{"rendered":"http:\/\/causa-doloris.de\/?page_id=9"},"modified":"2025-09-16T11:16:55","modified_gmt":"2025-09-16T11:16:55","slug":"ueber-mich","status":"publish","type":"page","link":"http:\/\/causa-doloris.de\/?page_id=9","title":{"rendered":"\u00dcber mich"},"content":{"rendered":"\n<figure class=\"wp-block-image size-full is-resized\"><img loading=\"lazy\" decoding=\"async\" width=\"902\" height=\"935\" src=\"http:\/\/causa-doloris.de\/wp-content\/uploads\/2025\/09\/23.4.25-aktuelles-Foto.jpg\" alt=\"\" class=\"wp-image-156\" style=\"width:157px;height:auto\" srcset=\"http:\/\/causa-doloris.de\/wp-content\/uploads\/2025\/09\/23.4.25-aktuelles-Foto.jpg 902w, http:\/\/causa-doloris.de\/wp-content\/uploads\/2025\/09\/23.4.25-aktuelles-Foto-289x300.jpg 289w, http:\/\/causa-doloris.de\/wp-content\/uploads\/2025\/09\/23.4.25-aktuelles-Foto-768x796.jpg 768w\" sizes=\"auto, (max-width: 706px) 89vw, (max-width: 767px) 82vw, 740px\" \/><\/figure>\n\n\n\n<p><strong>Christine Rosemarie Klotz DS &nbsp; &nbsp; &nbsp; &nbsp; &nbsp; &nbsp; &nbsp; &nbsp; &nbsp; &nbsp; &nbsp; &nbsp; &nbsp; &nbsp; &nbsp; &nbsp; &nbsp; &nbsp; &nbsp; &nbsp; &nbsp; &nbsp; &nbsp; &nbsp; &nbsp; &nbsp; &nbsp; &nbsp; &nbsp; &nbsp; &nbsp;&nbsp;&nbsp;<\/strong><\/p>\n\n\n\n<p>Diplom Stomatologin &nbsp;&nbsp;&nbsp;&nbsp;&nbsp;&nbsp;&nbsp;&nbsp;Zahn\u00e4rztin seit 1981&nbsp;&nbsp;&nbsp; &nbsp;&nbsp;&nbsp;&nbsp;&nbsp;Heilpraktikerin&nbsp;seit 1995&nbsp;<\/p>\n\n\n\n<p>Qualifiziertes Mitglied der GZM \u2013 Gesellschaft f\u00fcr Ganzheitliche Zahnmedizin&nbsp;<br>&nbsp;<br>&nbsp;<\/p>\n\n\n\n<p><strong>CURRICULUM VITAE<\/strong>&nbsp;<\/p>\n\n\n\n<ul class=\"wp-block-list\">\n<li><strong>PERS\u00d6NLICHES<\/strong>&nbsp;<\/li>\n<\/ul>\n\n\n\n<p>geboren 1954 in Halle an der Saale&nbsp;<\/p>\n\n\n\n<p>4 Kinder, 10 Enkelkinder&nbsp;<\/p>\n\n\n\n<p class=\"has-text-align-left\"><strong>BERUFSPRAXIS<\/strong><\/p>\n\n\n\n<p><strong>&nbsp;AKTUELL&nbsp;&nbsp;&nbsp;&nbsp;&nbsp;<\/strong><\/p>\n\n\n\n<p><strong>CD<\/strong> &#8211; <strong>PRAXEN<\/strong>     Christine Rosemarie Klotz DS<\/p>\n\n\n\n<p>                                  WALDSTRASSE 2 ~ 36466 DERMBACH \/ RH\u00d6N ~ FREISTAAT TH\u00dcRINGEN<\/p>\n\n\n\n<p><\/p>\n\n\n\n<p class=\"has-small-font-size\">1.1.23 &#8211; 30.9.25                 CD &#8211; PRAXEN&nbsp;&nbsp;&nbsp; Christine Rosemarie Klotz DS<strong> &nbsp; &nbsp;<\/strong>37574 EINBECK &nbsp;&nbsp;&#8211; KREIENSEN&nbsp; &nbsp; &nbsp; &nbsp; &nbsp; &nbsp; &nbsp;&nbsp;&nbsp;<\/p>\n\n\n\n<p class=\"has-small-font-size\">2017 bis 2022 &nbsp;&nbsp;&nbsp; &nbsp;&nbsp;         &nbsp;&nbsp;Angestellte Zahn\u00e4rztin \/ Vertretungen in diversen Praxen&nbsp;<\/p>\n\n\n\n<p class=\"has-small-font-size\">01-06&nbsp;16&nbsp;&nbsp;&nbsp;&nbsp;&nbsp;&nbsp;&nbsp;&nbsp;&nbsp;&nbsp;&nbsp;&nbsp; &nbsp;&nbsp;        &nbsp;&nbsp; &nbsp; CD-Praxen in Manderscheid \/ Eifel&nbsp;(RLP)&nbsp;<\/p>\n\n\n\n<p class=\"has-small-font-size\">01-09&nbsp;15&nbsp;&nbsp;&nbsp;&nbsp;&nbsp;&nbsp;&nbsp;&nbsp;&nbsp;&nbsp;&nbsp;&nbsp;&nbsp;&nbsp;&nbsp;          &nbsp;  CD-Praxen in Berlin&nbsp;<\/p>\n\n\n\n<p class=\"has-small-font-size\">4 -09 bis 9 -14<strong>&nbsp;&nbsp;&nbsp;&nbsp;&nbsp;&nbsp;<\/strong>           CD Praxen&nbsp;Ganzheitliche Zahnarztpraxis in Trier und Praxis f\u00fcr<strong>&nbsp;<\/strong>Naturheilkunde&nbsp;<\/p>\n\n\n\n<p class=\"has-small-font-size\">2001 \u2013 2009&nbsp;&nbsp;&nbsp;&nbsp;&nbsp;&nbsp;&nbsp;&nbsp;        &nbsp;&nbsp; Privatpraxen f\u00fcr Zahnheilkunde &amp; Naturheilkunde in Trier&nbsp;<\/p>\n\n\n\n<p class=\"has-small-font-size\">1996 \u2013 2000&nbsp;&nbsp;&nbsp;&nbsp;&nbsp;&nbsp;&nbsp;&nbsp;        &nbsp;&nbsp; Privatpraxen f\u00fcr Zahnheilkunde &amp;Naturheilkunde in Marburg&nbsp;<\/p>\n\n\n\n<p class=\"has-small-font-size\">1995&nbsp;&nbsp;&nbsp;&nbsp;&nbsp;&nbsp;&nbsp;&nbsp;&nbsp;&nbsp;&nbsp;&nbsp;&nbsp;&nbsp;&nbsp;&nbsp;&nbsp;&nbsp;&nbsp;&nbsp;&nbsp;&nbsp;             Zulassung zur Aus\u00fcbung der Heilkunde als Heilpraktikerin&nbsp;<\/p>\n\n\n\n<p class=\"has-small-font-size\">1994&nbsp;&nbsp;&nbsp;&nbsp;&nbsp;&nbsp;&nbsp;&nbsp;&nbsp;&nbsp;&nbsp;&nbsp;&nbsp;&nbsp;&nbsp;&nbsp;&nbsp;&nbsp;&nbsp;&nbsp;&nbsp;&nbsp;             Gr\u00fcndung eines Fortbildungsinstitutes f\u00fcr Naturheilverfahren<\/p>\n\n\n\n<p class=\"has-small-font-size\">1991&nbsp;&nbsp;&nbsp;&nbsp;&nbsp;&nbsp;&nbsp;&nbsp;&nbsp;&nbsp;&nbsp;&nbsp;&nbsp;&nbsp;&nbsp;&nbsp;&nbsp;&nbsp;&nbsp;&nbsp;&nbsp;&nbsp;              Kassen-Praxis &#8211; eigene Praxis als Zahn\u00e4rztin in Niedersachsen&nbsp;<\/p>\n\n\n\n<p class=\"has-small-font-size\">1988 \u2013 1990&nbsp;&nbsp;&nbsp;&nbsp;&nbsp;&nbsp;&nbsp; &nbsp;&nbsp;        Niederlassung in einer Praxissoziet\u00e4t in Hagen mit Kassenzulassung&nbsp;<\/p>\n\n\n\n<p class=\"has-small-font-size\">1988&nbsp;&nbsp;&nbsp;&nbsp;&nbsp;&nbsp;&nbsp;&nbsp;&nbsp;&nbsp;&nbsp;&nbsp;&nbsp;&nbsp;&nbsp;&nbsp;&nbsp;&nbsp;&nbsp; &nbsp; &nbsp;          Zahn\u00e4rztliche Assistentin in Praxis in Hagen, Westf.&nbsp;<\/p>\n\n\n\n<p class=\"has-small-font-size\">1987&nbsp;&nbsp;&nbsp;&nbsp;&nbsp;&nbsp;&nbsp;&nbsp;&nbsp;&nbsp;&nbsp;&nbsp;&nbsp;&nbsp;&nbsp;&nbsp;&nbsp;&nbsp; &nbsp;&nbsp; &nbsp;          Chirurgische Parodontologie\/Klinik f\u00fcr Parodontologie,<\/p>\n\n\n\n<p class=\"has-text-align-center has-small-font-size\">                                       Dr. M. Doktor, Hemer\/Westf.&nbsp; Eingliederung in Praxis<\/p>\n\n\n\n<p class=\"has-text-align-center has-small-font-size\">   Vorlesungsassistenz Privatuniversit\u00e4t&nbsp; Witten\/Herdecke&nbsp;<\/p>\n\n\n\n<p class=\"has-small-font-size\">1981 -1987&nbsp;&nbsp;&nbsp;&nbsp;&nbsp;&nbsp;&nbsp;&nbsp; &nbsp;&nbsp;       &nbsp;&nbsp;Fachzahnarztausbildung in Th\u00fcringen, Allgemeine&nbsp;Stomatologie&nbsp;<\/p>\n\n\n\n<p class=\"has-small-font-size\">1981&nbsp;&nbsp;&nbsp;&nbsp;&nbsp;&nbsp;&nbsp;&nbsp;&nbsp;&nbsp;&nbsp;&nbsp;&nbsp;&nbsp;&nbsp;&nbsp;&nbsp;&nbsp;&nbsp;&nbsp;&nbsp;&nbsp;   &nbsp;       Approbation als Zahn\u00e4rztin&nbsp;<\/p>\n\n\n\n<p><\/p>\n\n\n\n<p><strong>STUDIUM<\/strong>&nbsp;<\/p>\n\n\n\n<p>1980&nbsp;&nbsp;&nbsp;&nbsp;&nbsp;&nbsp;&nbsp;&nbsp;&nbsp;&nbsp;&nbsp;&nbsp;&nbsp;&nbsp;&nbsp;&nbsp;&nbsp;&nbsp;&nbsp;&nbsp;&nbsp;&nbsp; &nbsp;  Staatsexamen und akademischer Abschluss als Diplom-Stomatologin&nbsp;<\/p>\n\n\n\n<p class=\"has-text-align-center\">(20.6.1979)&nbsp;<\/p>\n\n\n\n<p>1972 \u2013 1980&nbsp;&nbsp;&nbsp;&nbsp;&nbsp;&nbsp;&nbsp; &nbsp; &nbsp;&nbsp;Studium der Zahnmedizin in Leipzig und Jena&nbsp;<\/p>\n\n\n\n<p><\/p>\n\n\n\n<p><strong>ZUS\u00c4TZLICHE FACHZAHNARZT-AUSBILDUNG<\/strong>&nbsp;<\/p>\n\n\n\n<p>1986&nbsp;&nbsp;&nbsp;&nbsp;&nbsp;&nbsp;&nbsp;&nbsp;&nbsp;&nbsp;&nbsp;&nbsp;&nbsp;&nbsp;&nbsp;&nbsp;&nbsp; &nbsp;&nbsp;&nbsp;&nbsp; &nbsp;Integratives Kolloquium FSU Jena&nbsp;<\/p>\n\n\n\n<p>1985&nbsp;&nbsp;&nbsp;&nbsp;&nbsp;&nbsp;&nbsp;&nbsp;&nbsp;&nbsp;&nbsp;&nbsp;&nbsp;&nbsp;&nbsp;&nbsp;&nbsp; &nbsp;&nbsp;&nbsp;&nbsp; &nbsp;Prothetische Stomatologie Prof. Musil, FSU Jena&nbsp;<\/p>\n\n\n\n<p>&nbsp;&nbsp;&nbsp;&nbsp;&nbsp;&nbsp;&nbsp;&nbsp;&nbsp;&nbsp;&nbsp;&nbsp;&nbsp;&nbsp;&nbsp;&nbsp;&nbsp;&nbsp;&nbsp;&nbsp;&nbsp;&nbsp;&nbsp;&nbsp;&nbsp;&nbsp;&nbsp;&nbsp;&nbsp;&nbsp;   &nbsp; Werkstoffkunde Prof. Welker, FSU Jena&nbsp;<\/p>\n\n\n\n<p>1984&nbsp;&nbsp;&nbsp;&nbsp;&nbsp;&nbsp;&nbsp;&nbsp;&nbsp;&nbsp;&nbsp;&nbsp;&nbsp;&nbsp;&nbsp;&nbsp;&nbsp; &nbsp;&nbsp;&nbsp;&nbsp; &nbsp;Konservierende Stomatologie Prof. Lange&nbsp;<\/p>\n\n\n\n<p>&nbsp;&nbsp;&nbsp;&nbsp;&nbsp;&nbsp;&nbsp;&nbsp;&nbsp;&nbsp;&nbsp;&nbsp;&nbsp;&nbsp;&nbsp;&nbsp;&nbsp;&nbsp;&nbsp;&nbsp;&nbsp;&nbsp;&nbsp;&nbsp;&nbsp;&nbsp;&nbsp;&nbsp;&nbsp;&nbsp;&nbsp;&nbsp;&nbsp; &nbsp;Parodontologie&nbsp; Prof.&nbsp;Klinger,&nbsp;FSU&nbsp; Jena&nbsp;<\/p>\n\n\n\n<p>1983&nbsp;&nbsp;&nbsp;&nbsp;&nbsp;&nbsp;&nbsp;&nbsp;&nbsp;&nbsp;&nbsp;&nbsp;&nbsp;&nbsp; &nbsp;&nbsp; &nbsp; &nbsp;&nbsp; &nbsp;Intensivmedizin\/ An\u00e4sthesiologie Prof. Winkler, FSU Jena&nbsp;<\/p>\n\n\n\n<p>1982&nbsp;&nbsp;&nbsp;&nbsp;&nbsp;&nbsp;&nbsp;&nbsp;&nbsp;&nbsp;&nbsp;&nbsp;&nbsp;&nbsp;&nbsp; &nbsp; &nbsp;&nbsp;&nbsp;&nbsp; &nbsp;Kieferchirurgie\/Traumatologie Prof. H. Heiner\/Prof. Schuhmann, FSU Jena&nbsp;<\/p>\n\n\n\n<p>1981&nbsp;&nbsp;&nbsp;&nbsp;&nbsp;&nbsp;&nbsp;&nbsp;&nbsp;&nbsp;&nbsp;&nbsp;&nbsp;&nbsp;&nbsp;&nbsp;&nbsp; &nbsp; &nbsp; &nbsp;&nbsp;Allg. Stomatologie\/ R\u00f6ntgendiagnostik, FSU Jena&nbsp;<\/p>\n\n\n\n<p>1980&nbsp;&nbsp;&nbsp;&nbsp;&nbsp;&nbsp;&nbsp;&nbsp;&nbsp;&nbsp;&nbsp;&nbsp;&nbsp;&nbsp;&nbsp;&nbsp;&nbsp; &nbsp;&nbsp;&nbsp;&nbsp; Onkologie Friedrich-Schiller-Universit\u00e4t Jena (FSU)&nbsp;<\/p>\n\n\n\n<p><\/p>\n\n\n\n<p><strong>NATURHEILKUNDLICHE AUSBILDUNG<\/strong>&nbsp;<\/p>\n\n\n\n<p>1992 &#8211; 2002&nbsp;&nbsp;&nbsp;&nbsp;&nbsp;&nbsp;&nbsp; &nbsp;&nbsp;&nbsp; EDS &#8211; Ausbildung (D. C. Leber, Dallas, USA)&nbsp;<\/p>\n\n\n\n<p>1994&nbsp;&nbsp;&nbsp;&nbsp;&nbsp;&nbsp;&nbsp;&nbsp;&nbsp;&nbsp;&nbsp;&nbsp;&nbsp;&nbsp;&nbsp;&nbsp;&nbsp;&nbsp; &nbsp;&nbsp;&nbsp; &nbsp;   Neurokinesiologie&nbsp;und&nbsp;Psychokinesiologie&nbsp;Masterkurs&nbsp;<\/p>\n\n\n\n<p class=\"has-text-align-center\">&nbsp;&nbsp;&nbsp;&nbsp;&nbsp;&nbsp;&nbsp;&nbsp;&nbsp;&nbsp;&nbsp;&nbsp;&nbsp;&nbsp;&nbsp;&nbsp;&nbsp;&nbsp;&nbsp;&nbsp;&nbsp;&nbsp;&nbsp;&nbsp;&nbsp;&nbsp;&nbsp;&nbsp;&nbsp;&nbsp;&nbsp;&nbsp;&nbsp;     &nbsp;(Dr. D. Klinghardt, Santa&nbsp;Fe, USA) Zertifikat&nbsp;<\/p>\n\n\n\n<p>1990 &#8211; 1994&nbsp;&nbsp;&nbsp;&nbsp;&nbsp;&nbsp;&nbsp;&nbsp;&nbsp;&nbsp;&nbsp; Neuromuskul\u00e4re Therapie&nbsp;Temporo&nbsp;&#8211; mandibul\u00e4re Regulation&nbsp;<\/p>\n\n\n\n<p class=\"has-text-align-center\">&nbsp;&nbsp;&nbsp;&nbsp;&nbsp; &nbsp;&nbsp;&nbsp;&nbsp;&nbsp;&nbsp;&nbsp;&nbsp;&nbsp;&nbsp;&nbsp;&nbsp;&nbsp;&nbsp;&nbsp;&nbsp;&nbsp;&nbsp;&nbsp;&nbsp;&nbsp;&nbsp;&nbsp;&nbsp;&nbsp;&nbsp;&nbsp;     &nbsp;Cranio-Sacrale&nbsp;Therapie mit&nbsp;Fasciendekomprimierung&nbsp;nach&nbsp;&nbsp;<\/p>\n\n\n\n<p class=\"has-text-align-center\">                                       Paul&nbsp; St.&nbsp;John (Largo, USA) Zertifikat&nbsp;<\/p>\n\n\n\n<p>1990 &#8211; 1994&nbsp;&nbsp;&nbsp;&nbsp;&nbsp;&nbsp;&nbsp;&nbsp;&nbsp;&nbsp;&nbsp; Myofunktionelle Therapie&nbsp;<\/p>\n\n\n\n<p class=\"has-text-align-center\">&nbsp;&nbsp;&nbsp;&nbsp;&nbsp;&nbsp;&nbsp;&nbsp;&nbsp;&nbsp;&nbsp;&nbsp;&nbsp;&nbsp;&nbsp;&nbsp;&nbsp;&nbsp;&nbsp;&nbsp;&nbsp;&nbsp;&nbsp;&nbsp;&nbsp;&nbsp;&nbsp;&nbsp;&nbsp;&nbsp; &nbsp;&nbsp;&nbsp;&nbsp; &nbsp;Zertifikat (Dr. W.&nbsp;Sch\u00f6ttl, Erlangen, Dr. Rainer&nbsp;Sch\u00f6ttl, D.D.S., Erlangen)&nbsp;<\/p>\n\n\n\n<p>1990 &#8211; 1994&nbsp;&nbsp;&nbsp;&nbsp;&nbsp;&nbsp;&nbsp; &nbsp;&nbsp;&nbsp;Ganzheitliche Kieferorthop\u00e4die,&nbsp;Zertifikat&nbsp; (Dr.&nbsp;Herrmann,&nbsp;&nbsp;Heidelberg)&nbsp;<\/p>\n\n\n\n<p>1993&nbsp;&nbsp;&nbsp;&nbsp;&nbsp;&nbsp;&nbsp;&nbsp;&nbsp;&nbsp;&nbsp;&nbsp;&nbsp;&nbsp;&nbsp;&nbsp;&nbsp;&nbsp;&nbsp;&nbsp;&nbsp;&nbsp;    Mund- und Ohr-Akupunktur, Zertifikat (Dr.&nbsp;Gleditsch, M\u00fcnchen)&nbsp;<\/p>\n\n\n\n<p>1992&nbsp;&nbsp;&nbsp;&nbsp;&nbsp;&nbsp;&nbsp;&nbsp;&nbsp;&nbsp;&nbsp;&nbsp;&nbsp;&nbsp;&nbsp;&nbsp;&nbsp;&nbsp;&nbsp; &nbsp; &nbsp;   Hospitation &#8211; 4 Wochen &#8211; bei Douglas C. Leber, Dallas, USA&nbsp;<\/p>\n\n\n\n<p class=\"has-text-align-center\">&nbsp;&nbsp;&nbsp;&nbsp;&nbsp;&nbsp;&nbsp;&nbsp;&nbsp;&nbsp;&nbsp;&nbsp;&nbsp;&nbsp;&nbsp;&nbsp;&nbsp;&nbsp;&nbsp;&nbsp;&nbsp;&nbsp;&nbsp;&nbsp;&nbsp;&nbsp;&nbsp;&nbsp;&nbsp;&nbsp; &nbsp;&nbsp;&nbsp;&nbsp;Anwendung des EDS (Electro-Dermal-Screening)&nbsp;<\/p>\n\n\n\n<p>1992&nbsp;&nbsp;&nbsp;&nbsp;&nbsp;&nbsp;&nbsp;&nbsp;&nbsp;&nbsp;&nbsp;&nbsp;&nbsp;&nbsp;&nbsp;&nbsp;&nbsp;&nbsp;&nbsp;&nbsp;&nbsp;&nbsp;     Farbdiagnostik (Prof. L\u00fcscher, Luzern, Schweiz)&nbsp;<\/p>\n\n\n\n<p>1988 &#8211; 1991&nbsp;&nbsp;&nbsp;&nbsp;&nbsp;&nbsp;&nbsp;&nbsp; &nbsp;  Elektroakupunktur (Ges. f\u00fcr EAV) Kurse 1 -10&nbsp;<\/p>\n\n\n\n<p>1988 &#8211; 1989&nbsp;&nbsp;&nbsp;&nbsp;&nbsp;&nbsp;&nbsp;&nbsp;    Hom\u00f6opathie f\u00fcr Zahn\u00e4rzte, Kurs 1 &#8211; 4, Zertifikat&nbsp;&nbsp;<\/p>\n\n\n\n<p class=\"has-text-align-center\">                                    (Dr. Feldhaus,&nbsp;Timmendorf)&nbsp;<\/p>\n\n\n\n<p>1989&nbsp;&nbsp;&nbsp;&nbsp;&nbsp;&nbsp;&nbsp;&nbsp;&nbsp;&nbsp;&nbsp;&nbsp;&nbsp;&nbsp;&nbsp;&nbsp;&nbsp;&nbsp;&nbsp; &nbsp;  &nbsp;Aromatherapie-Ausbildung, Zertifikat (Primavera, Sulzberg)&nbsp;<\/p>\n\n\n\n<p><\/p>\n\n\n\n<p><strong>LEHRT\u00c4TIGKEIT IM IN- UND AUSLAND<\/strong>&nbsp;<\/p>\n\n\n\n<p>1992 &#8211; 2001&nbsp;&nbsp;&nbsp;&nbsp;&nbsp;&nbsp; &nbsp;&nbsp;&nbsp; Seminare, Vortr\u00e4ge, Workshops gemeinsam mit Douglas C. Leber, <\/p>\n\n\n\n<p class=\"has-text-align-center\">                                                                                                                                                         Dallas\/USA&nbsp;<\/p>\n\n\n\n<p>1996 &#8211; 2000&nbsp;&nbsp;&nbsp;&nbsp;&nbsp;&nbsp;&nbsp; &nbsp;&nbsp; &nbsp;Vortr\u00e4ge und Workshops Privatinstitut f\u00fcr Naturheilverfahren&nbsp;in&nbsp; <\/p>\n\n\n\n<p class=\"has-text-align-center\">                                                                                                                                                              Marburg&nbsp;<\/p>\n\n\n\n<p>1998&nbsp;&nbsp;&nbsp;&nbsp;&nbsp;&nbsp;&nbsp;&nbsp;&nbsp;&nbsp;&nbsp;&nbsp;&nbsp;&nbsp;&nbsp;&nbsp;&nbsp;&nbsp;&nbsp;&nbsp;&nbsp; &nbsp;    Vortrag &#8211; Clark-Symposium in Wiesbaden Thema:&nbsp;<\/p>\n\n\n\n<p>&nbsp;&nbsp;&nbsp;&nbsp;&nbsp;&nbsp;&nbsp;&nbsp;&nbsp;&nbsp;&nbsp;&nbsp;&nbsp;&nbsp;&nbsp;&nbsp;&nbsp;&nbsp;&nbsp;&nbsp;&nbsp;&nbsp;&nbsp;&nbsp;&nbsp;&nbsp;&nbsp;&nbsp;&nbsp; &nbsp;&nbsp;&nbsp;&nbsp;&nbsp;    Neue Erkenntnisse \u00fcber dentale St\u00f6rfelder, Ursachen und Wirkungen&nbsp;<br>&nbsp;<br>1998&nbsp;&nbsp;&nbsp;&nbsp;&nbsp;&nbsp;&nbsp;&nbsp;&nbsp;&nbsp;&nbsp;&nbsp;&nbsp;&nbsp;&nbsp;&nbsp;&nbsp;&nbsp; &nbsp;&nbsp; &nbsp;    Gastlektor der AAABEM-&nbsp; American&nbsp;Association&nbsp;of&nbsp;Acupuncture&nbsp;and&nbsp;<\/p>\n\n\n\n<p>&nbsp;&nbsp;&nbsp;&nbsp;&nbsp;&nbsp;&nbsp;&nbsp;&nbsp;&nbsp;&nbsp;&nbsp;&nbsp;&nbsp;&nbsp;&nbsp;&nbsp;&nbsp;&nbsp;&nbsp;&nbsp;&nbsp;&nbsp;&nbsp;&nbsp;&nbsp;&nbsp;&nbsp;&nbsp;&nbsp;&nbsp; &nbsp;&nbsp;     BioEnergetic&nbsp;Medicine an &nbsp;der Maryland University (USA)&nbsp;<\/p>\n\n\n\n<p>&nbsp;&nbsp;&nbsp;&nbsp;&nbsp;&nbsp;&nbsp;&nbsp;&nbsp;&nbsp;&nbsp;&nbsp;&nbsp;&nbsp;&nbsp;&nbsp;&nbsp;&nbsp;&nbsp;&nbsp;&nbsp;&nbsp;&nbsp;&nbsp;&nbsp;&nbsp;&nbsp;&nbsp;&nbsp;&nbsp;&nbsp;&nbsp; &nbsp;     Dental&nbsp;Foci&nbsp;important&nbsp;factors&nbsp;in&nbsp;cancer&nbsp;and&nbsp;chronic&nbsp;diseases&nbsp;<\/p>\n\n\n\n<p>1997&nbsp;&nbsp;&nbsp;&nbsp;&nbsp;&nbsp;&nbsp;&nbsp;&nbsp;&nbsp;&nbsp;&nbsp;&nbsp;&nbsp;&nbsp;&nbsp;&nbsp;&nbsp;&nbsp;&nbsp;&nbsp; &nbsp;     Vortrag &#8211; Internat. Kongress in Wiesbaden&nbsp;<\/p>\n\n\n\n<p>&nbsp;&nbsp;&nbsp;&nbsp;&nbsp;&nbsp;&nbsp;&nbsp;&nbsp;&nbsp;&nbsp;&nbsp;&nbsp;&nbsp;&nbsp;&nbsp;&nbsp;&nbsp;&nbsp;&nbsp; &nbsp;&nbsp;&nbsp;&nbsp;&nbsp;&nbsp;&nbsp;&nbsp;&nbsp;&nbsp; &nbsp;&nbsp;     Amalgam &#8211; toxische Notl\u00f6sung auf Krankenschein&nbsp;<\/p>\n\n\n\n<p>1997&nbsp;&nbsp;&nbsp;&nbsp;&nbsp;&nbsp;&nbsp;&nbsp;&nbsp;&nbsp;&nbsp;&nbsp;&nbsp;&nbsp;&nbsp;&nbsp;&nbsp;&nbsp;&nbsp;&nbsp;&nbsp;       &nbsp;Gastlektor&nbsp;der AAABEM-American Association of Acupuncture<\/p>\n\n\n\n<p>&nbsp;&nbsp;&nbsp;&nbsp;&nbsp;&nbsp;&nbsp;&nbsp;&nbsp;&nbsp;&nbsp;&nbsp;&nbsp;&nbsp;&nbsp;&nbsp;&nbsp;&nbsp;&nbsp;&nbsp;&nbsp;&nbsp;&nbsp;&nbsp;&nbsp;&nbsp;&nbsp;&nbsp;&nbsp;&nbsp;&nbsp; &nbsp;      and&nbsp; BioEnergetic&nbsp;Medicine in Honolulu, Hawaii (USA)&nbsp;<\/p>\n\n\n\n<p>&nbsp;&nbsp;&nbsp;&nbsp;&nbsp;&nbsp;&nbsp;&nbsp;&nbsp;&nbsp;&nbsp;&nbsp;&nbsp;&nbsp;&nbsp;&nbsp;&nbsp;&nbsp;&nbsp;&nbsp;&nbsp;&nbsp;&nbsp;&nbsp;&nbsp;&nbsp;&nbsp;&nbsp;&nbsp;&nbsp;&nbsp; &nbsp;&nbsp;      Quality&nbsp;assurance&nbsp;in&nbsp;diagnostic&nbsp;of&nbsp;naturopathic&nbsp;treatments&nbsp;specially&nbsp;<\/p>\n\n\n\n<p>&nbsp;&nbsp;&nbsp;&nbsp;&nbsp;&nbsp;&nbsp;&nbsp;&nbsp;&nbsp;&nbsp;&nbsp;&nbsp;&nbsp;&nbsp;&nbsp;&nbsp;&nbsp;&nbsp;&nbsp;&nbsp;&nbsp;&nbsp;&nbsp;&nbsp;&nbsp;&nbsp;&nbsp;&nbsp;&nbsp;&nbsp;&nbsp;&nbsp;&nbsp;&nbsp;&nbsp;&nbsp;&nbsp; &nbsp;&nbsp;the&nbsp;electroacupuncture&nbsp;testprotocol&nbsp;<\/p>\n\n\n\n<p>1995&nbsp;&nbsp;&nbsp;&nbsp;&nbsp;&nbsp;&nbsp;&nbsp;&nbsp;&nbsp;&nbsp;&nbsp;&nbsp;&nbsp;&nbsp;&nbsp;&nbsp;&nbsp; &nbsp; &nbsp;      &nbsp;Gastlektor AAABEM &#8211; American&nbsp;Association&nbsp;of&nbsp;Acupuncture&nbsp;<\/p>\n\n\n\n<p>&nbsp;&nbsp;&nbsp;&nbsp;&nbsp;&nbsp;&nbsp;&nbsp;&nbsp;&nbsp;&nbsp;&nbsp;&nbsp;&nbsp;&nbsp;&nbsp;&nbsp;&nbsp;&nbsp;&nbsp;&nbsp;&nbsp;&nbsp;&nbsp;&nbsp;&nbsp;&nbsp;&nbsp;&nbsp;&nbsp;&nbsp;&nbsp;&nbsp;&nbsp;       and&nbsp;BioEnergetic&nbsp;Medicine, in&nbsp; &nbsp;Honolulu, Hawaii (USA)&nbsp;<\/p>\n\n\n\n<p>&nbsp;&nbsp;&nbsp;&nbsp;&nbsp;&nbsp;&nbsp;&nbsp;&nbsp;&nbsp;&nbsp;&nbsp;&nbsp;&nbsp;&nbsp;&nbsp;&nbsp;&nbsp;&nbsp;&nbsp;&nbsp;&nbsp;&nbsp;&nbsp;&nbsp;&nbsp;&nbsp;&nbsp;&nbsp; &nbsp;&nbsp;&nbsp;&nbsp;&nbsp;&nbsp;     Holistic&nbsp;Dentistry- The Dentist &#8211;&nbsp;iatrogenic&nbsp;factor&nbsp;in&nbsp;chronic&nbsp;diseases&nbsp;<\/p>\n\n\n\n<p>1995&nbsp;&nbsp;&nbsp;&nbsp;&nbsp;&nbsp;&nbsp;&nbsp;&nbsp;&nbsp;&nbsp;&nbsp;&nbsp;&nbsp;&nbsp;&nbsp;&nbsp;&nbsp;&nbsp;&nbsp;&nbsp;        Gastlektor: AAABEM-American Association of Acupuncture<\/p>\n\n\n\n<p>&nbsp;&nbsp;&nbsp;&nbsp;&nbsp;&nbsp;&nbsp;&nbsp;&nbsp;&nbsp;&nbsp;&nbsp;&nbsp;&nbsp;&nbsp;&nbsp;&nbsp;&nbsp;&nbsp;&nbsp;&nbsp;&nbsp;&nbsp;&nbsp;&nbsp; &nbsp;&nbsp;&nbsp;&nbsp;&nbsp;&nbsp;&nbsp;        and&nbsp; &nbsp;BioEnergetic&nbsp;Medicine in Philadelphia (USA)&nbsp;<\/p>\n\n\n\n<p>&nbsp;&nbsp;&nbsp;&nbsp;&nbsp;&nbsp;&nbsp;&nbsp;&nbsp;&nbsp;&nbsp;&nbsp;&nbsp;&nbsp;&nbsp;&nbsp;&nbsp;&nbsp;&nbsp;&nbsp;&nbsp;&nbsp;&nbsp;&nbsp;&nbsp;&nbsp;&nbsp;&nbsp;&nbsp;&nbsp;&nbsp; &nbsp;        Theoretische und Praktische Darstellung einer selbstentwickelten&nbsp;   <\/p>\n\n\n\n<p class=\"has-text-align-center\">                                         Methode&nbsp;&#8211; Microinvasive Chirurgie bei&nbsp;&nbsp;NICO <\/p>\n\n\n\n<p class=\"has-text-align-center\">                                    &nbsp;&nbsp;&nbsp; &nbsp;(Neuralgia&nbsp;Inducing&nbsp;Cavitational&nbsp; Osteonecrosis)&nbsp;<\/p>\n\n\n\n<p>1994 &#8211; 1996&nbsp;&nbsp;&nbsp;&nbsp;&nbsp;&nbsp;&nbsp;&nbsp;Lehrt\u00e4tigkeit im eigenen Institut f\u00fcr Naturheilverfahren in &nbsp;&nbsp;<\/p>\n\n\n\n<p>&nbsp;&nbsp;&nbsp;&nbsp;&nbsp;&nbsp;&nbsp;&nbsp;&nbsp;&nbsp;&nbsp;&nbsp;&nbsp;&nbsp;&nbsp;&nbsp;&nbsp;&nbsp;&nbsp;&nbsp;&nbsp;&nbsp;&nbsp;&nbsp;&nbsp;&nbsp;&nbsp;&nbsp;&nbsp;&nbsp;&nbsp;&nbsp;   Kalefeld&nbsp; Niedersachsen mit Seminarprogramm&nbsp;<\/p>\n\n\n\n<p>&nbsp;&nbsp;&nbsp;&nbsp;&nbsp;&nbsp;&nbsp;&nbsp;&nbsp;&nbsp;&nbsp;&nbsp;&nbsp;&nbsp;&nbsp;&nbsp;&nbsp;&nbsp;&nbsp;&nbsp;&nbsp;&nbsp;&nbsp;&nbsp;&nbsp;&nbsp;&nbsp;&nbsp; &nbsp;&nbsp;&nbsp; &nbsp; Ganzheitliche Zahnmedizin, Hom\u00f6opathie f\u00fcr Zahn\u00e4rzte,&nbsp;<\/p>\n\n\n\n<p>&nbsp;&nbsp;&nbsp;&nbsp;&nbsp;&nbsp;&nbsp;&nbsp;&nbsp;&nbsp;&nbsp;&nbsp;&nbsp;&nbsp;&nbsp;&nbsp;&nbsp;&nbsp;&nbsp;&nbsp;&nbsp;&nbsp;&nbsp;&nbsp;&nbsp;&nbsp;&nbsp; &nbsp;&nbsp;&nbsp;&nbsp; &nbsp;         Funktionelle Medizin f\u00fcr Zahn\u00e4rzte, EAV &#8211; Elektroakupunktur n. Dr. Voll<\/p>\n\n\n\n<p>&nbsp;<\/p>\n\n\n\n<p><strong>WEITERE VORTR\u00c4GE<\/strong>&nbsp;<\/p>\n\n\n\n<p>2006&nbsp;&nbsp;&nbsp;&nbsp;&nbsp;&nbsp;&nbsp;&nbsp;&nbsp;&nbsp;&nbsp;&nbsp;&nbsp;&nbsp;&nbsp;&nbsp;&nbsp;&nbsp;&nbsp;&nbsp; &nbsp;    &nbsp; Vitatec&nbsp;GmbH,&nbsp;Vitatec&nbsp;&#8211;&nbsp;Kongress, Bayreuth:&nbsp;&nbsp;<br>&nbsp;&nbsp;&nbsp;&nbsp;&nbsp;&nbsp;&nbsp;&nbsp;&nbsp;&nbsp;&nbsp;&nbsp;&nbsp;&nbsp;&nbsp;&nbsp;&nbsp;&nbsp;&nbsp;&nbsp;&nbsp;&nbsp;&nbsp;&nbsp;&nbsp;&nbsp;&nbsp;&nbsp;&nbsp; &nbsp;&nbsp;&nbsp;&nbsp;      Schmerz &#8211; Im Blickwinkel der Ganzheitlichen Zahnmedizin&nbsp;<\/p>\n\n\n\n<p>2006&nbsp;&nbsp;&nbsp;&nbsp;&nbsp;&nbsp;&nbsp;&nbsp;&nbsp;&nbsp;&nbsp;&nbsp;&nbsp;&nbsp;&nbsp;&nbsp;&nbsp;&nbsp;&nbsp;&nbsp;&nbsp; &nbsp;     Naturheilverein, Weimar: Ganzheitliche Diagnostik und Naturheilkunde<\/p>\n\n\n\n<p class=\"has-text-align-center\">                                         in der Zahnarztpraxis&nbsp;<\/p>\n\n\n\n<p>2006&nbsp;&nbsp;&nbsp;&nbsp;&nbsp;&nbsp;&nbsp;&nbsp;&nbsp;&nbsp;&nbsp;&nbsp;&nbsp;&nbsp;&nbsp;&nbsp;&nbsp;&nbsp;&nbsp;&nbsp;&nbsp;      &nbsp;Naturheilkundetag, Saarbr\u00fccken &#8211; Metallfreie Prothetik &#8211; <\/p>\n\n\n\n<p class=\"has-text-align-center\">                                        Zukunft f\u00fcr Gesundheit&nbsp;<\/p>\n\n\n\n<p>2005&nbsp;&nbsp;&nbsp;&nbsp;&nbsp;&nbsp;&nbsp;&nbsp;&nbsp;&nbsp;&nbsp;&nbsp;&nbsp;&nbsp;&nbsp;&nbsp;&nbsp;&nbsp; &nbsp; &nbsp;&nbsp;     Naturheilverein, Jena: Aus der Praxis einer Ganzheitlichen&nbsp;Zahn\u00e4rztin&nbsp;<\/p>\n\n\n\n<p>2005&nbsp;&nbsp;&nbsp;&nbsp;&nbsp;&nbsp;&nbsp;&nbsp;&nbsp;&nbsp;&nbsp;&nbsp;&nbsp;&nbsp;&nbsp;&nbsp;&nbsp;&nbsp;&nbsp;&nbsp;&nbsp; &nbsp;&nbsp;    Dental Labor&nbsp;Massek, Saarbr\u00fccken&nbsp;<\/p>\n\n\n\n<p>&nbsp;&nbsp;&nbsp;&nbsp;&nbsp;&nbsp;&nbsp; &nbsp;&nbsp;&nbsp;&nbsp;&nbsp;&nbsp;&nbsp;&nbsp;&nbsp;&nbsp;&nbsp;&nbsp;&nbsp;&nbsp;&nbsp;&nbsp;&nbsp;&nbsp;&nbsp;&nbsp;&nbsp; &nbsp;&nbsp;&nbsp;&nbsp;&nbsp;&nbsp;     Dialog zw. Wissenschaft, Medizin &amp; Technik&nbsp;<br>&nbsp;&nbsp;&nbsp;&nbsp;&nbsp;&nbsp;&nbsp;&nbsp;&nbsp;&nbsp;&nbsp;&nbsp;&nbsp;&nbsp;&nbsp;&nbsp;&nbsp;&nbsp;&nbsp;&nbsp;&nbsp;&nbsp;&nbsp;&nbsp;&nbsp;&nbsp;&nbsp;&nbsp;&nbsp; &nbsp;&nbsp;&nbsp;&nbsp;&nbsp;     &nbsp;Vertr\u00e4glichkeits-Aspekte dentaler Werkstoffe aus&nbsp;ganzheitlicher&nbsp;Sicht&nbsp;<\/p>\n\n\n\n<p><\/p>\n\n\n\n<p><strong>MITGLIEDSCHAFT IN FOLGENDEN VEREINIGUNGEN<\/strong>&nbsp;<\/p>\n\n\n\n<p>GZM (Gesellschaft f\u00fcr Ganzheitliche Zahnmedizin, Mannheim)&nbsp;<\/p>\n\n\n\n<p>FVDZ&nbsp; (&nbsp;Freier Verband Deutscher&nbsp;Zahn\u00e4rzte )&nbsp;<\/p>\n\n\n\n<p>EAV (Intern. Med. Gesellschaft f\u00fcr Elektroakupunktur nach Dr.&nbsp;Voll&nbsp;e.V.)&nbsp;<\/p>\n\n\n\n<p>ZAEN (Zentral Verband der \u00c4rzte f. Naturheilverfahren u. Regulationsmedizin)&nbsp;<\/p>\n","protected":false},"excerpt":{"rendered":"<p>Christine Rosemarie Klotz DS &nbsp; &nbsp; &nbsp; &nbsp; &nbsp; &nbsp; &nbsp; &nbsp; &nbsp; &nbsp; &nbsp; &nbsp; &nbsp; &nbsp; &nbsp; &nbsp; &nbsp; &nbsp; &nbsp; &nbsp; &nbsp; &nbsp; &nbsp; &nbsp; &nbsp; &nbsp; &nbsp; &nbsp; &nbsp; &nbsp; &nbsp;&nbsp;&nbsp; Diplom Stomatologin &nbsp;&nbsp;&nbsp;&nbsp;&nbsp;&nbsp;&nbsp;&nbsp;Zahn\u00e4rztin seit 1981&nbsp;&nbsp;&nbsp; &nbsp;&nbsp;&nbsp;&nbsp;&nbsp;Heilpraktikerin&nbsp;seit 1995&nbsp; Qualifiziertes Mitglied der GZM \u2013 Gesellschaft f\u00fcr Ganzheitliche Zahnmedizin&nbsp;&nbsp;&nbsp; CURRICULUM VITAE&nbsp; geboren 1954 &hellip; <\/p>\n<p class=\"link-more\"><a href=\"http:\/\/causa-doloris.de\/?page_id=9\" class=\"more-link\"><span class=\"screen-reader-text\">\u201e\u00dcber mich\u201c<\/span> weiterlesen<\/a><\/p>\n","protected":false},"author":1,"featured_media":0,"parent":0,"menu_order":0,"comment_status":"closed","ping_status":"closed","template":"","meta":{"footnotes":""},"class_list":["post-9","page","type-page","status-publish","hentry"],"_links":{"self":[{"href":"http:\/\/causa-doloris.de\/index.php?rest_route=\/wp\/v2\/pages\/9","targetHints":{"allow":["GET"]}}],"collection":[{"href":"http:\/\/causa-doloris.de\/index.php?rest_route=\/wp\/v2\/pages"}],"about":[{"href":"http:\/\/causa-doloris.de\/index.php?rest_route=\/wp\/v2\/types\/page"}],"author":[{"embeddable":true,"href":"http:\/\/causa-doloris.de\/index.php?rest_route=\/wp\/v2\/users\/1"}],"replies":[{"embeddable":true,"href":"http:\/\/causa-doloris.de\/index.php?rest_route=%2Fwp%2Fv2%2Fcomments&post=9"}],"version-history":[{"count":17,"href":"http:\/\/causa-doloris.de\/index.php?rest_route=\/wp\/v2\/pages\/9\/revisions"}],"predecessor-version":[{"id":158,"href":"http:\/\/causa-doloris.de\/index.php?rest_route=\/wp\/v2\/pages\/9\/revisions\/158"}],"wp:attachment":[{"href":"http:\/\/causa-doloris.de\/index.php?rest_route=%2Fwp%2Fv2%2Fmedia&parent=9"}],"curies":[{"name":"wp","href":"https:\/\/api.w.org\/{rel}","templated":true}]}}